{"id":420,"date":"2021-11-27T15:00:06","date_gmt":"2021-11-27T15:00:06","guid":{"rendered":"https:\/\/montecanelas.net\/?page_id=420"},"modified":"2022-01-11T10:48:07","modified_gmt":"2022-01-11T10:48:07","slug":"kontakt","status":"publish","type":"page","link":"https:\/\/montecanelas.net\/index.php\/kontakt\/","title":{"rendered":"Kontakt"},"content":{"rendered":"\n<style type=\"text\/css\" data-created_by=\"avia_inline_auto\" id=\"style-css-av-ksraywfw-7238ddf8408435d9e29488b323e8bcdd\">\n#top .av-special-heading.av-ksraywfw-7238ddf8408435d9e29488b323e8bcdd{\npadding-bottom:10px;\n}\n<\/style>\n<div  class='av-special-heading av-ksraywfw-7238ddf8408435d9e29488b323e8bcdd av-special-heading-h3  avia-builder-el-0  el_before_av_one_half  avia-builder-el-first  '><h3 class='av-special-heading-tag '  itemprop=\"headline\"  >Kontakt<\/h3><div class='special-heading-border'><div class='special-heading-inner-border'><\/div><\/div><\/div>\n<div class='flex_column av-clm4-6394e9e050e6a0e3c7d1aae45c84ddc9 av_one_half  avia-builder-el-1  el_after_av_heading  el_before_av_one_half  first flex_column_div '   ><p><section  class='av_textblock_section av-ksrazwl0-33b13480f612ff960d43e3e1e17c76b7 '  itemscope=\"itemscope\" itemtype=\"https:\/\/schema.org\/CreativeWork\" ><div class='avia_textblock '  itemprop=\"text\" ><p><strong>Kontakt<\/strong><br \/>\nTanja Grandy<br \/>\nMonte Canelas<br \/>\nMobil: +351-914108627<br \/>\nMail: grandy.monte.canelas@gmail.com<\/p>\n<p>S\u00edtio de Cabe\u00e7a 619F<br \/>\n8700-068 Moncarapacho Portugal<\/p>\n<p><strong>Anfahrt vom Flughafen Faro<\/strong> (28 km, 25 Minuten)<br \/>\nNehmen Sie vom Flughafen aus die Schnellstra\u00dfe N125-10 Richtung S. Br\u00e1s bis zur Bundesstra\u00dfe N2 (5 km)<br \/>\nFahren Sie auf der N2 Richtung Autobahn IP1\/A22 (6 km)<br \/>\nFahren Sie auf die Autobahn IP1\/A22 Richtung Spanien (Espanha)<br \/>\nNehmen Sie die Abfahrt Olh\u00e3o nach 11 km<br \/>\nIm ersten Kreisverkehr nach 100 m biegen Sie rechts nach Moncarapacho ab<br \/>\nNach gut 2 km biegen Sie links in Richtung Fuseta ab (vor dem Ortseingang Moncarapacho)<br \/>\nNach 700 m an der ersten Ampelkreuzung biegen Sie links ab<br \/>\nSie \u00fcberqueren einen kleinen im Sommer ausgetrockneten Bach und biegen nach wenigen Metern sofort wieder links ab. Sie sehen den Berg Monte Cabe\u00e7a vor sich. Sie passieren die gro\u00dfe G\u00e4rtnerei Monterosa.<br \/>\nFolgen Sie der leichten Kurve nach rechts und biegen Sie links in den zweiten Sandweg ab. Dort steht unser Briefkasten mit der Nummer 619F und Sie sehen ein pinkfarbenes Haus dahinter. Der Sandweg bringt Sie dem Monte Cabe\u00e7a n\u00e4her.<br \/>\nFolgen Sie dem Sandweg f\u00fcr 700 m bis zu einem gelben Haus auf der linken Seite.<br \/>\nBiegen Sie rechts ab und fahren Sie die wenigen restlichen Meter bis zum Wendehammer am Ende des Weges auf unser rotes Haus zu.<br \/>\nHerzlich Willkommen auf Monte Canelas<br \/>\nDie Nutzung der Autobahn ist kostenpflichtig. Eine kostenfreie Anfahrt ist \u00fcber eine Nebenstrecke m\u00f6glich, die s\u00fcdlich parallel zur Autobahn verl\u00e4uft und \u00fcber Est\u00f3i f\u00fchrt.<\/p>\n<\/div><\/section><br \/>\n\n<style type=\"text\/css\" data-created_by=\"avia_inline_auto\" id=\"style-css-av-kssmms4e-c9974690d96ef315d169e5563bb1f835\">\n.avia-image-container.av-kssmms4e-c9974690d96ef315d169e5563bb1f835 .av-image-caption-overlay-center{\ncolor:#ffffff;\n}\n<\/style>\n<div  class='avia-image-container av-kssmms4e-c9974690d96ef315d169e5563bb1f835 av-styling- avia-align-center  avia-builder-el-3  el_after_av_textblock  avia-builder-el-last  '  itemprop=\"image\" itemscope=\"itemscope\" itemtype=\"https:\/\/schema.org\/ImageObject\" ><div class=\"avia-image-container-inner\"><div class=\"avia-image-overlay-wrap\"><img decoding=\"async\" class='avia-img-lazy-loading-not- avia_image' src=\"http:\/\/monte-canelas.net\/wp-content\/uploads\/2021\/08\/aerial-view-algarve-beach-beautiful-falesia-beach-from-portugal-summer-vocation-1030x578.jpg\" alt='' title=''   itemprop=\"thumbnailUrl\"  \/><\/div><\/div><\/div><\/p><\/div><div class='flex_column av-3xkto-130a2d23d5c8693ba441ecca50abbe97 av_one_half  avia-builder-el-4  el_after_av_one_half  avia-builder-el-last  flex_column_div '   ><p><section  class='av_textblock_section av-kssmc2dp-78c3cbd48a74564657e829bcb643c5cb '  itemscope=\"itemscope\" itemtype=\"https:\/\/schema.org\/CreativeWork\" ><div class='avia_textblock '  itemprop=\"text\" ><p><strong>Koordinaten &#038; Maps<\/strong><br \/>\n37\u00b005&#8217;59.7&#8243;N 7\u00b046&#8217;53.2&#8243;W <span role=\"gridcell\"><br \/>\n<a class=\"oajrlxb2 g5ia77u1 qu0x051f esr5mh6w e9989ue4 r7d6kgcz rq0escxv nhd2j8a9 nc684nl6 p7hjln8o kvgmc6g5 cxmmr5t8 oygrvhab hcukyx3x jb3vyjys rz4wbd8a qt6c0cv9 a8nywdso i1ao9s8h oo483o9r f1sip0of lzcic4wl ljqsnud1 gpro0wi8\" tabindex=\"0\" role=\"link\" href=\"https:\/\/goo.gl\/maps\/mgd96xVEkZUQNcAeA?fbclid=IwAR0sZLRGi2jsOSF1PPX033QM8MBdXHXjcJ9NDQNNjUj03hMYMSwL01gG5Rw\" target=\"_blank\" rel=\"nofollow noopener\">https:\/\/goo.gl\/maps\/mgd96xVEkZUQNcAeA<\/a><\/span><br \/>\n<img loading=\"lazy\" decoding=\"async\" class=\"alignnone size-full wp-image-793\" src=\"https:\/\/montecanelas.net\/wp-content\/uploads\/2021\/12\/239941738_4161269113985781_5256257903838244161_n-242x300-1.jpg\" alt=\"\" width=\"242\" height=\"300\" \/><\/p>\n<\/div><\/section><br \/>\n<form action=\"https:\/\/montecanelas.net\/index.php\/kontakt\/\" method=\"post\"  class=\"avia_ajax_form av-form-labels-visible   avia-builder-el-6  el_after_av_textblock  avia-builder-el-last   \" data-avia-form-id=\"1\" data-avia-redirect='' ><h3 class=''>Weitere Informationen Schreiben Sie uns, wenn Sie individuelle Fragen haben.<\/h3><fieldset><p class='  first_form  form_element form_fullwidth' id='element_avia_1_1'><label for=\"avia_1_1\">Name <abbr class=\"required\" title=\"required\">*<\/abbr><\/label> <input name=\"avia_1_1\" class=\"text_input is_empty\" type=\"text\" id=\"avia_1_1\" value=\"\" \/><\/p><p class='  first_form  form_element form_fullwidth' id='element_avia_2_1'><label for=\"avia_2_1\">E-Mail <abbr class=\"required\" title=\"required\">*<\/abbr><\/label> <input name=\"avia_2_1\" class=\"text_input is_email\" type=\"text\" id=\"avia_2_1\" value=\"\" \/><\/p><p class='  first_form  form_element form_fullwidth' id='element_avia_3_1'><label for=\"avia_3_1\">Subject <abbr class=\"required\" title=\"required\">*<\/abbr><\/label> <input name=\"avia_3_1\" class=\"text_input is_empty\" type=\"text\" id=\"avia_3_1\" value=\"\" \/><\/p><p class='  first_form  form_element form_fullwidth' id='element_avia_4_1'><label for=\"avia_4_1\" class=\"textare_label hidden textare_label_avia_4_1\">Message <abbr class=\"required\" title=\"required\">*<\/abbr><\/label><textarea  name=\"avia_4_1\" class=\"text_area is_empty\" cols=\"40\" rows=\"7\" id=\"avia_4_1\" ><\/textarea><\/p><p class=\"hidden\"><input type=\"text\" name=\"avia_5_1\" class=\"hidden \" id=\"avia_5_1\" value=\"\" \/><\/p><p class='   form_element form_fullwidth' id='element_avia_6_1'><span class='value_verifier_label'>0 + 4 = ?<\/span><input name=\"avia_6_1_verifier\" type=\"hidden\" id=\"avia_6_1_verifier\" value=\"653341544\"\/><label for=\"avia_6_1\">Please prove that you are human by solving the equation <abbr class=\"required\" title=\"required\">*<\/abbr><\/label><input name=\"avia_6_1\" class=\"text_input captcha\" type=\"text\" id=\"avia_6_1\" value=\"\"\/><\/p><p class=\"form_element \"><input type=\"hidden\" value=\"1\" name=\"avia_generated_form1\" \/><input type=\"submit\" value=\"Submit\" class=\"button\"  data-sending-label=\"Sending\"\/><\/p><\/fieldset><\/form><div id=\"ajaxresponse_1\" class=\"ajaxresponse ajaxresponse_1 hidden\"><\/div><\/p><\/div><\/p>\n","protected":false},"excerpt":{"rendered":"","protected":false},"author":1,"featured_media":0,"parent":0,"menu_order":0,"comment_status":"closed","ping_status":"closed","template":"template-blank.php","meta":{"footnotes":""},"class_list":["post-420","page","type-page","status-publish","hentry"],"yoast_head":"<!-- This site is optimized with the Yoast SEO plugin v27.4 - https:\/\/yoast.com\/product\/yoast-seo-wordpress\/ -->\n<title>Kontakt - Monte Canelas<\/title>\n<meta name=\"robots\" content=\"index, follow, max-snippet:-1, max-image-preview:large, max-video-preview:-1\" \/>\n<link rel=\"canonical\" href=\"https:\/\/montecanelas.net\/index.php\/kontakt\/\" \/>\n<meta property=\"og:locale\" content=\"en_US\" \/>\n<meta property=\"og:type\" content=\"article\" \/>\n<meta property=\"og:title\" content=\"Kontakt - Monte Canelas\" \/>\n<meta property=\"og:url\" content=\"https:\/\/montecanelas.net\/index.php\/kontakt\/\" \/>\n<meta property=\"og:site_name\" content=\"Monte Canelas\" \/>\n<meta property=\"article:modified_time\" content=\"2022-01-11T10:48:07+00:00\" \/>\n<meta property=\"og:image\" content=\"https:\/\/montecanelas.net\/wp-content\/uploads\/2021\/12\/239941738_4161269113985781_5256257903838244161_n-242x300-1.jpg\" \/>\n<meta name=\"twitter:card\" content=\"summary_large_image\" \/>\n<meta name=\"twitter:label1\" content=\"Est. reading time\" \/>\n\t<meta name=\"twitter:data1\" content=\"6 minutes\" \/>\n<script type=\"application\/ld+json\" class=\"yoast-schema-graph\">{\"@context\":\"https:\\\/\\\/schema.org\",\"@graph\":[{\"@type\":\"WebPage\",\"@id\":\"https:\\\/\\\/montecanelas.net\\\/index.php\\\/kontakt\\\/\",\"url\":\"https:\\\/\\\/montecanelas.net\\\/index.php\\\/kontakt\\\/\",\"name\":\"Kontakt - Monte Canelas\",\"isPartOf\":{\"@id\":\"https:\\\/\\\/montecanelas.net\\\/#website\"},\"primaryImageOfPage\":{\"@id\":\"https:\\\/\\\/montecanelas.net\\\/index.php\\\/kontakt\\\/#primaryimage\"},\"image\":{\"@id\":\"https:\\\/\\\/montecanelas.net\\\/index.php\\\/kontakt\\\/#primaryimage\"},\"thumbnailUrl\":\"https:\\\/\\\/montecanelas.net\\\/wp-content\\\/uploads\\\/2021\\\/12\\\/239941738_4161269113985781_5256257903838244161_n-242x300-1.jpg\",\"datePublished\":\"2021-11-27T15:00:06+00:00\",\"dateModified\":\"2022-01-11T10:48:07+00:00\",\"breadcrumb\":{\"@id\":\"https:\\\/\\\/montecanelas.net\\\/index.php\\\/kontakt\\\/#breadcrumb\"},\"inLanguage\":\"en-US\",\"potentialAction\":[{\"@type\":\"ReadAction\",\"target\":[\"https:\\\/\\\/montecanelas.net\\\/index.php\\\/kontakt\\\/\"]}]},{\"@type\":\"ImageObject\",\"inLanguage\":\"en-US\",\"@id\":\"https:\\\/\\\/montecanelas.net\\\/index.php\\\/kontakt\\\/#primaryimage\",\"url\":\"https:\\\/\\\/montecanelas.net\\\/wp-content\\\/uploads\\\/2021\\\/12\\\/239941738_4161269113985781_5256257903838244161_n-242x300-1.jpg\",\"contentUrl\":\"https:\\\/\\\/montecanelas.net\\\/wp-content\\\/uploads\\\/2021\\\/12\\\/239941738_4161269113985781_5256257903838244161_n-242x300-1.jpg\",\"width\":242,\"height\":300},{\"@type\":\"BreadcrumbList\",\"@id\":\"https:\\\/\\\/montecanelas.net\\\/index.php\\\/kontakt\\\/#breadcrumb\",\"itemListElement\":[{\"@type\":\"ListItem\",\"position\":1,\"name\":\"Home\",\"item\":\"https:\\\/\\\/montecanelas.net\\\/index.php\\\/monte-canelas\\\/\"},{\"@type\":\"ListItem\",\"position\":2,\"name\":\"Kontakt\"}]},{\"@type\":\"WebSite\",\"@id\":\"https:\\\/\\\/montecanelas.net\\\/#website\",\"url\":\"https:\\\/\\\/montecanelas.net\\\/\",\"name\":\"Monte Canelas\",\"description\":\"Just another WordPress site\",\"potentialAction\":[{\"@type\":\"SearchAction\",\"target\":{\"@type\":\"EntryPoint\",\"urlTemplate\":\"https:\\\/\\\/montecanelas.net\\\/?s={search_term_string}\"},\"query-input\":{\"@type\":\"PropertyValueSpecification\",\"valueRequired\":true,\"valueName\":\"search_term_string\"}}],\"inLanguage\":\"en-US\"}]}<\/script>\n<!-- \/ Yoast SEO plugin. -->","yoast_head_json":{"title":"Kontakt - Monte Canelas","robots":{"index":"index","follow":"follow","max-snippet":"max-snippet:-1","max-image-preview":"max-image-preview:large","max-video-preview":"max-video-preview:-1"},"canonical":"https:\/\/montecanelas.net\/index.php\/kontakt\/","og_locale":"en_US","og_type":"article","og_title":"Kontakt - Monte Canelas","og_url":"https:\/\/montecanelas.net\/index.php\/kontakt\/","og_site_name":"Monte Canelas","article_modified_time":"2022-01-11T10:48:07+00:00","og_image":[{"url":"https:\/\/montecanelas.net\/wp-content\/uploads\/2021\/12\/239941738_4161269113985781_5256257903838244161_n-242x300-1.jpg","type":"","width":"","height":""}],"twitter_card":"summary_large_image","twitter_misc":{"Est. reading time":"6 minutes"},"schema":{"@context":"https:\/\/schema.org","@graph":[{"@type":"WebPage","@id":"https:\/\/montecanelas.net\/index.php\/kontakt\/","url":"https:\/\/montecanelas.net\/index.php\/kontakt\/","name":"Kontakt - Monte Canelas","isPartOf":{"@id":"https:\/\/montecanelas.net\/#website"},"primaryImageOfPage":{"@id":"https:\/\/montecanelas.net\/index.php\/kontakt\/#primaryimage"},"image":{"@id":"https:\/\/montecanelas.net\/index.php\/kontakt\/#primaryimage"},"thumbnailUrl":"https:\/\/montecanelas.net\/wp-content\/uploads\/2021\/12\/239941738_4161269113985781_5256257903838244161_n-242x300-1.jpg","datePublished":"2021-11-27T15:00:06+00:00","dateModified":"2022-01-11T10:48:07+00:00","breadcrumb":{"@id":"https:\/\/montecanelas.net\/index.php\/kontakt\/#breadcrumb"},"inLanguage":"en-US","potentialAction":[{"@type":"ReadAction","target":["https:\/\/montecanelas.net\/index.php\/kontakt\/"]}]},{"@type":"ImageObject","inLanguage":"en-US","@id":"https:\/\/montecanelas.net\/index.php\/kontakt\/#primaryimage","url":"https:\/\/montecanelas.net\/wp-content\/uploads\/2021\/12\/239941738_4161269113985781_5256257903838244161_n-242x300-1.jpg","contentUrl":"https:\/\/montecanelas.net\/wp-content\/uploads\/2021\/12\/239941738_4161269113985781_5256257903838244161_n-242x300-1.jpg","width":242,"height":300},{"@type":"BreadcrumbList","@id":"https:\/\/montecanelas.net\/index.php\/kontakt\/#breadcrumb","itemListElement":[{"@type":"ListItem","position":1,"name":"Home","item":"https:\/\/montecanelas.net\/index.php\/monte-canelas\/"},{"@type":"ListItem","position":2,"name":"Kontakt"}]},{"@type":"WebSite","@id":"https:\/\/montecanelas.net\/#website","url":"https:\/\/montecanelas.net\/","name":"Monte Canelas","description":"Just another WordPress site","potentialAction":[{"@type":"SearchAction","target":{"@type":"EntryPoint","urlTemplate":"https:\/\/montecanelas.net\/?s={search_term_string}"},"query-input":{"@type":"PropertyValueSpecification","valueRequired":true,"valueName":"search_term_string"}}],"inLanguage":"en-US"}]}},"_links":{"self":[{"href":"https:\/\/montecanelas.net\/index.php\/wp-json\/wp\/v2\/pages\/420","targetHints":{"allow":["GET"]}}],"collection":[{"href":"https:\/\/montecanelas.net\/index.php\/wp-json\/wp\/v2\/pages"}],"about":[{"href":"https:\/\/montecanelas.net\/index.php\/wp-json\/wp\/v2\/types\/page"}],"author":[{"embeddable":true,"href":"https:\/\/montecanelas.net\/index.php\/wp-json\/wp\/v2\/users\/1"}],"replies":[{"embeddable":true,"href":"https:\/\/montecanelas.net\/index.php\/wp-json\/wp\/v2\/comments?post=420"}],"version-history":[{"count":6,"href":"https:\/\/montecanelas.net\/index.php\/wp-json\/wp\/v2\/pages\/420\/revisions"}],"predecessor-version":[{"id":812,"href":"https:\/\/montecanelas.net\/index.php\/wp-json\/wp\/v2\/pages\/420\/revisions\/812"}],"wp:attachment":[{"href":"https:\/\/montecanelas.net\/index.php\/wp-json\/wp\/v2\/media?parent=420"}],"curies":[{"name":"wp","href":"https:\/\/api.w.org\/{rel}","templated":true}]}}