{"id":434,"date":"2021-11-27T15:04:52","date_gmt":"2021-11-27T15:04:52","guid":{"rendered":"https:\/\/montecanelas.net\/?page_id=434"},"modified":"2022-01-28T09:30:55","modified_gmt":"2022-01-28T09:30:55","slug":"uber-uns","status":"publish","type":"page","link":"https:\/\/montecanelas.net\/index.php\/uber-uns\/","title":{"rendered":"Uber uns"},"content":{"rendered":"<div id='full_slider_1'  class='avia-fullwidth-slider main_color avia-shadow   avia-builder-el-0  el_before_av_one_half  avia-builder-el-first   container_wrap sidebar_right'  ><div   data-size='featured_large'  data-lightbox_size='large'  data-animation='slide'  data-conditional_play=''  data-ids='710'  data-video_counter='0'  data-autoplay='false'  data-bg_slider='false'  data-slide_height=''  data-handle='av_slideshow_full'  data-interval='5'  data-class=' '  data-el_id=''  data-css_id=''  data-scroll_down=''  data-control_layout='av-control-default'  data-custom_markup=''  data-perma_caption=''  data-autoplay_stopper=''  data-image_attachment=''  data-min_height='0px'  data-lazy_loading='disabled'  data-src=''  data-position='top left'  data-repeat='no-repeat'  data-attach='scroll'  data-stretch=''  data-img_scrset=''  data-default-height='42'  class='avia-slideshow avia-slideshow-1  av-control-default av-default-height-applied avia-slideshow-featured_large av_slideshow_full   avia-slide-slider '  itemprop=\"image\" itemscope=\"itemscope\" itemtype=\"https:\/\/schema.org\/ImageObject\" ><ul class='avia-slideshow-inner ' style='padding-bottom: 42%;' ><li  class=' av-single-slide slide-1 ' ><div data-rel='slideshow-1' class='avia-slide-wrap '   ><img decoding=\"async\" class=\"wp-image-710 avia-img-lazy-loading-not-710\"  src=\"https:\/\/montecanelas.net\/wp-content\/uploads\/2021\/11\/Team-Berg-1-best-scaled-1-1500x630.jpg\" width=\"1500\" height=\"630\" title='Team-Berg-1-best-scaled' alt=''  itemprop=\"thumbnailUrl\"   \/><\/div><\/li><\/ul><\/div><\/div><div id='after_full_slider_1'  class='main_color av_default_container_wrap container_wrap sidebar_right'  ><div class='container av-section-cont-open' ><div class='template-page content  av-content-small alpha units'><div class='post-entry post-entry-type-page post-entry-434'><div class='entry-content-wrapper clearfix'>\n<div class='flex_column av-e6b1-a7758aaf3facc3a55f5839a3616f3004 av_one_half  avia-builder-el-1  el_after_av_slideshow_full  el_before_av_one_half  avia-builder-el-first  first flex_column_div '   ><section  class='avia-team-member av-kspu64i4-fa1d4920fb4a899db1a76c17096ef81b  avia-builder-el-2  avia-builder-el-no-sibling  '  itemscope=\"itemscope\" itemtype=\"https:\/\/schema.org\/Person\" ><div class=\"team-img-container\"><img decoding=\"async\" width=\"300\" height=\"200\" class='wp-image-670 avia-img-lazy-loading-not-670 avia_image avia_image_team av-team-img-original' src=\"https:\/\/montecanelas.net\/wp-content\/uploads\/2021\/11\/Tanja-2-Efeu-best-scaled-1-300x200.jpg\" alt='Tanja Grandy'  itemprop=\"image\" srcset=\"https:\/\/montecanelas.net\/wp-content\/uploads\/2021\/11\/Tanja-2-Efeu-best-scaled-1-300x200.jpg 300w, https:\/\/montecanelas.net\/wp-content\/uploads\/2021\/11\/Tanja-2-Efeu-best-scaled-1-1030x686.jpg 1030w, https:\/\/montecanelas.net\/wp-content\/uploads\/2021\/11\/Tanja-2-Efeu-best-scaled-1-768x512.jpg 768w, https:\/\/montecanelas.net\/wp-content\/uploads\/2021\/11\/Tanja-2-Efeu-best-scaled-1-1536x1024.jpg 1536w, https:\/\/montecanelas.net\/wp-content\/uploads\/2021\/11\/Tanja-2-Efeu-best-scaled-1-2048x1365.jpg 2048w, https:\/\/montecanelas.net\/wp-content\/uploads\/2021\/11\/Tanja-2-Efeu-best-scaled-1-1500x1000.jpg 1500w, https:\/\/montecanelas.net\/wp-content\/uploads\/2021\/11\/Tanja-2-Efeu-best-scaled-1-705x470.jpg 705w\" sizes=\"(max-width: 300px) 100vw, 300px\" \/><\/div><h3 class='team-member-name '  itemprop=\"name\" >Tanja Grandy<\/h3><div class='team-member-job-title '  itemprop=\"jobTitle\" >Gesch\u00e4ftsf\u00fchrung \/ Koordination \/ P\u00e4dagogische Leitung<\/div><div class='team-member-description '  itemprop=\"description\" ><p>Seit 1999 in Portugal. Gesch\u00e4ftsf\u00fchrerin und p\u00e4dagogische Leiterin der Einrichtung Monte Canelas, Portugal. Verwaltungsfachfrau,  Jugend- und Heimerzieherin mit erlebnisp\u00e4dagogischem Ansatz, Berufserfahrung im deutschen \u00d6ffentlichen Dienst (1983-1992),  15 j\u00e4hrige Berufserfahrung durch individualp\u00e4dagogische Betreuung im eigenen famili\u00e4ren Standortprojekt. Fortbildungen in klinischer P\u00e4dagogik, Kommunikation\/Teamtraining und Narrativer Diagnostik\/Genogramm, Trauma-Begleitung, Mitglied der portugiesischen Nationsagentur f\u00fcr EU-Programme ERASMUS+<\/p>\n<p>Mutter von drei Kindern<\/p>\n<\/div><span class='hidden team-member-affiliation'  itemprop=\"affiliation\" >Monte Canelas<\/span><\/section><\/div>\n<div class='flex_column av-34861-4d4172f2cba1dac18a0439bd76916d60 av_one_half  avia-builder-el-3  el_after_av_one_half  el_before_av_one_half  flex_column_div '   ><section  class='avia-team-member av-kspvu42g-afd5fd9e6fc8cac589955ca9ef5e7ea1  avia-builder-el-4  avia-builder-el-no-sibling  '  itemscope=\"itemscope\" itemtype=\"https:\/\/schema.org\/Person\" ><div class=\"team-img-container\"><img decoding=\"async\" width=\"300\" height=\"200\" class='wp-image-650 avia-img-lazy-loading-not-650 avia_image avia_image_team av-team-img-original' src=\"https:\/\/montecanelas.net\/wp-content\/uploads\/2021\/11\/Silke-1-scaled-1-300x200.jpg\" alt='Silke Rocha'  itemprop=\"image\" srcset=\"https:\/\/montecanelas.net\/wp-content\/uploads\/2021\/11\/Silke-1-scaled-1-300x200.jpg 300w, https:\/\/montecanelas.net\/wp-content\/uploads\/2021\/11\/Silke-1-scaled-1-1030x687.jpg 1030w, https:\/\/montecanelas.net\/wp-content\/uploads\/2021\/11\/Silke-1-scaled-1-768x512.jpg 768w, https:\/\/montecanelas.net\/wp-content\/uploads\/2021\/11\/Silke-1-scaled-1-1536x1024.jpg 1536w, https:\/\/montecanelas.net\/wp-content\/uploads\/2021\/11\/Silke-1-scaled-1-2048x1366.jpg 2048w, https:\/\/montecanelas.net\/wp-content\/uploads\/2021\/11\/Silke-1-scaled-1-1500x1000.jpg 1500w, https:\/\/montecanelas.net\/wp-content\/uploads\/2021\/11\/Silke-1-scaled-1-705x470.jpg 705w\" sizes=\"(max-width: 300px) 100vw, 300px\" \/><\/div><h3 class='team-member-name '  itemprop=\"name\" >Silke Rocha<\/h3><div class='team-member-job-title '  itemprop=\"jobTitle\" >Finanzbuchhaltung<\/div><div class='team-member-description '  itemprop=\"description\" ><p>Seit 2001 in Portugal. Finanzbuchhaltung f\u00fcr Monte Canelas, Portugal. Staatl. gepr\u00fcfte Fremdsprachenkorrespondentin in Englisch, Industriekauffrau, seit 20 Jahren in Kinder- und Jugendhilfeprojekten an der Algarve administrativ t\u00e4tig.<\/p>\n<p>Mutter von zwei Kindern<\/p>\n<\/div><span class='hidden team-member-affiliation'  itemprop=\"affiliation\" >Monte Canelas<\/span><\/section><\/div>\n<div class='flex_column av-2rkdp-11b85bb078ef70c9785cf6324968c425 av_one_half  avia-builder-el-5  el_after_av_one_half  el_before_av_one_half  first flex_column_div column-top-margin'   ><section  class='avia-team-member av-kspwbhzq-7fc2c9878da875ecbf5ba4114ec9f7dc  avia-builder-el-6  avia-builder-el-no-sibling  '  itemscope=\"itemscope\" itemtype=\"https:\/\/schema.org\/Person\" ><div class=\"team-img-container\"><img decoding=\"async\" width=\"300\" height=\"200\" class='wp-image-611 avia-img-lazy-loading-not-611 avia_image avia_image_team av-team-img-original' src=\"https:\/\/montecanelas.net\/wp-content\/uploads\/2021\/11\/Christian-1-scaled-1-300x200.jpg\" alt='Christian Walter'  itemprop=\"image\" srcset=\"https:\/\/montecanelas.net\/wp-content\/uploads\/2021\/11\/Christian-1-scaled-1-300x200.jpg 300w, https:\/\/montecanelas.net\/wp-content\/uploads\/2021\/11\/Christian-1-scaled-1-1030x686.jpg 1030w, https:\/\/montecanelas.net\/wp-content\/uploads\/2021\/11\/Christian-1-scaled-1-768x512.jpg 768w, https:\/\/montecanelas.net\/wp-content\/uploads\/2021\/11\/Christian-1-scaled-1-1536x1024.jpg 1536w, https:\/\/montecanelas.net\/wp-content\/uploads\/2021\/11\/Christian-1-scaled-1-2048x1365.jpg 2048w, https:\/\/montecanelas.net\/wp-content\/uploads\/2021\/11\/Christian-1-scaled-1-1500x1000.jpg 1500w, https:\/\/montecanelas.net\/wp-content\/uploads\/2021\/11\/Christian-1-scaled-1-705x470.jpg 705w\" sizes=\"(max-width: 300px) 100vw, 300px\" \/><\/div><h3 class='team-member-name '  itemprop=\"name\" >Christian Walter<\/h3><div class='team-member-job-title '  itemprop=\"jobTitle\" >Stellvertretende p\u00e4dagogische Leitung \/ Einzelfallhilfe \/ Coach<\/div><div class='team-member-description '  itemprop=\"description\" ><p>Seit 2010 in Portugal. Jugendcoach\/Einzelfallhelfer und stellvertretende Leitung f\u00fcr Monte Canelas, Portugal. Staatl. anerkannter Dipl. Sozialp\u00e4dagoge mit Berufserfahrung in Sportjugendclubs und als Einzelfallhelfer in Berlin. Fortbildungen zum Hochseilgartentrainer, Kletterteamer, Windsurf- und Snowboardlehrer.<\/p>\n<p>Vater von einem Kind<\/p>\n<\/div><span class='hidden team-member-affiliation'  itemprop=\"affiliation\" >Monte Canelas<\/span><\/section><\/div>\n<div class='flex_column av-220h1-935bbc157a599346ca2c2a6e7cac24ce av_one_half  avia-builder-el-7  el_after_av_one_half  el_before_av_one_half  flex_column_div column-top-margin'   ><section  class='avia-team-member av-kspwhcjb-578e836634df4db772fccf8a8b214421  avia-builder-el-8  avia-builder-el-no-sibling  '  itemscope=\"itemscope\" itemtype=\"https:\/\/schema.org\/Person\" ><div class=\"team-img-container\"><img decoding=\"async\" width=\"300\" height=\"200\" class='wp-image-631 avia-img-lazy-loading-not-631 avia_image avia_image_team av-team-img-original' src=\"https:\/\/montecanelas.net\/wp-content\/uploads\/2021\/11\/Lena-1-scaled-1-300x200.jpg\" alt='Lena Reden'  itemprop=\"image\" srcset=\"https:\/\/montecanelas.net\/wp-content\/uploads\/2021\/11\/Lena-1-scaled-1-300x200.jpg 300w, https:\/\/montecanelas.net\/wp-content\/uploads\/2021\/11\/Lena-1-scaled-1-1030x686.jpg 1030w, https:\/\/montecanelas.net\/wp-content\/uploads\/2021\/11\/Lena-1-scaled-1-768x512.jpg 768w, https:\/\/montecanelas.net\/wp-content\/uploads\/2021\/11\/Lena-1-scaled-1-1536x1024.jpg 1536w, https:\/\/montecanelas.net\/wp-content\/uploads\/2021\/11\/Lena-1-scaled-1-2048x1365.jpg 2048w, https:\/\/montecanelas.net\/wp-content\/uploads\/2021\/11\/Lena-1-scaled-1-1500x1000.jpg 1500w, https:\/\/montecanelas.net\/wp-content\/uploads\/2021\/11\/Lena-1-scaled-1-705x470.jpg 705w\" sizes=\"(max-width: 300px) 100vw, 300px\" \/><\/div><h3 class='team-member-name '  itemprop=\"name\" >Lena Reden<\/h3><div class='team-member-job-title '  itemprop=\"jobTitle\" >B\u00fcro \/ Verwaltung \/ Schulkoordination<\/div><div class='team-member-description '  itemprop=\"description\" ><p>Seit 2004 in Portugal. Verwaltung und Schulkoordination f\u00fcr Monte Canelas, Portugal. Staatl. anerkannte Erzieherin, Heimerziehung und Einzelbetreuung in Deutschland, in Portugal t\u00e4tig in Wohngruppen, Einzelma\u00dfnahmen, als Lehrkraft und Betreuerin im Freizeitbereich. <\/p>\n<p>Mutter von einem Kind<\/p>\n<\/div><span class='hidden team-member-affiliation'  itemprop=\"affiliation\" >Monte Canelas<\/span><\/section><\/div>\n<div class='flex_column av-1ko0h-c86735b630adc2d26d822b2a81ba60a2 av_one_half  avia-builder-el-9  el_after_av_one_half  el_before_av_one_half  first flex_column_div column-top-margin'   ><\/div>\n<div class='flex_column av-xm2p-44a5a8801af42679215779fbd242ed97 av_one_half  avia-builder-el-10  el_after_av_one_half  avia-builder-el-last  flex_column_div column-top-margin'   ><\/div>\n","protected":false},"excerpt":{"rendered":"","protected":false},"author":1,"featured_media":0,"parent":0,"menu_order":0,"comment_status":"closed","ping_status":"closed","template":"","meta":{"footnotes":""},"class_list":["post-434","page","type-page","status-publish","hentry"],"yoast_head":"<!-- This site is optimized with the Yoast SEO plugin v27.4 - https:\/\/yoast.com\/product\/yoast-seo-wordpress\/ -->\n<title>Uber uns - Monte Canelas<\/title>\n<meta name=\"robots\" content=\"index, follow, max-snippet:-1, max-image-preview:large, max-video-preview:-1\" \/>\n<link rel=\"canonical\" href=\"https:\/\/montecanelas.net\/index.php\/uber-uns\/\" \/>\n<meta property=\"og:locale\" content=\"en_US\" \/>\n<meta property=\"og:type\" content=\"article\" \/>\n<meta property=\"og:title\" content=\"Uber uns - Monte Canelas\" \/>\n<meta property=\"og:url\" content=\"https:\/\/montecanelas.net\/index.php\/uber-uns\/\" \/>\n<meta property=\"og:site_name\" content=\"Monte Canelas\" \/>\n<meta property=\"article:modified_time\" content=\"2022-01-28T09:30:55+00:00\" \/>\n<meta name=\"twitter:card\" content=\"summary_large_image\" \/>\n<meta name=\"twitter:label1\" content=\"Est. reading time\" \/>\n\t<meta name=\"twitter:data1\" content=\"4 minutes\" \/>\n<script type=\"application\/ld+json\" class=\"yoast-schema-graph\">{\"@context\":\"https:\\\/\\\/schema.org\",\"@graph\":[{\"@type\":\"WebPage\",\"@id\":\"https:\\\/\\\/montecanelas.net\\\/index.php\\\/uber-uns\\\/\",\"url\":\"https:\\\/\\\/montecanelas.net\\\/index.php\\\/uber-uns\\\/\",\"name\":\"Uber uns - Monte Canelas\",\"isPartOf\":{\"@id\":\"https:\\\/\\\/montecanelas.net\\\/#website\"},\"datePublished\":\"2021-11-27T15:04:52+00:00\",\"dateModified\":\"2022-01-28T09:30:55+00:00\",\"breadcrumb\":{\"@id\":\"https:\\\/\\\/montecanelas.net\\\/index.php\\\/uber-uns\\\/#breadcrumb\"},\"inLanguage\":\"en-US\",\"potentialAction\":[{\"@type\":\"ReadAction\",\"target\":[\"https:\\\/\\\/montecanelas.net\\\/index.php\\\/uber-uns\\\/\"]}]},{\"@type\":\"BreadcrumbList\",\"@id\":\"https:\\\/\\\/montecanelas.net\\\/index.php\\\/uber-uns\\\/#breadcrumb\",\"itemListElement\":[{\"@type\":\"ListItem\",\"position\":1,\"name\":\"Home\",\"item\":\"https:\\\/\\\/montecanelas.net\\\/index.php\\\/monte-canelas\\\/\"},{\"@type\":\"ListItem\",\"position\":2,\"name\":\"Uber uns\"}]},{\"@type\":\"WebSite\",\"@id\":\"https:\\\/\\\/montecanelas.net\\\/#website\",\"url\":\"https:\\\/\\\/montecanelas.net\\\/\",\"name\":\"Monte Canelas\",\"description\":\"Just another WordPress site\",\"potentialAction\":[{\"@type\":\"SearchAction\",\"target\":{\"@type\":\"EntryPoint\",\"urlTemplate\":\"https:\\\/\\\/montecanelas.net\\\/?s={search_term_string}\"},\"query-input\":{\"@type\":\"PropertyValueSpecification\",\"valueRequired\":true,\"valueName\":\"search_term_string\"}}],\"inLanguage\":\"en-US\"}]}<\/script>\n<!-- \/ Yoast SEO plugin. -->","yoast_head_json":{"title":"Uber uns - Monte Canelas","robots":{"index":"index","follow":"follow","max-snippet":"max-snippet:-1","max-image-preview":"max-image-preview:large","max-video-preview":"max-video-preview:-1"},"canonical":"https:\/\/montecanelas.net\/index.php\/uber-uns\/","og_locale":"en_US","og_type":"article","og_title":"Uber uns - Monte Canelas","og_url":"https:\/\/montecanelas.net\/index.php\/uber-uns\/","og_site_name":"Monte Canelas","article_modified_time":"2022-01-28T09:30:55+00:00","twitter_card":"summary_large_image","twitter_misc":{"Est. reading time":"4 minutes"},"schema":{"@context":"https:\/\/schema.org","@graph":[{"@type":"WebPage","@id":"https:\/\/montecanelas.net\/index.php\/uber-uns\/","url":"https:\/\/montecanelas.net\/index.php\/uber-uns\/","name":"Uber uns - Monte Canelas","isPartOf":{"@id":"https:\/\/montecanelas.net\/#website"},"datePublished":"2021-11-27T15:04:52+00:00","dateModified":"2022-01-28T09:30:55+00:00","breadcrumb":{"@id":"https:\/\/montecanelas.net\/index.php\/uber-uns\/#breadcrumb"},"inLanguage":"en-US","potentialAction":[{"@type":"ReadAction","target":["https:\/\/montecanelas.net\/index.php\/uber-uns\/"]}]},{"@type":"BreadcrumbList","@id":"https:\/\/montecanelas.net\/index.php\/uber-uns\/#breadcrumb","itemListElement":[{"@type":"ListItem","position":1,"name":"Home","item":"https:\/\/montecanelas.net\/index.php\/monte-canelas\/"},{"@type":"ListItem","position":2,"name":"Uber uns"}]},{"@type":"WebSite","@id":"https:\/\/montecanelas.net\/#website","url":"https:\/\/montecanelas.net\/","name":"Monte Canelas","description":"Just another WordPress site","potentialAction":[{"@type":"SearchAction","target":{"@type":"EntryPoint","urlTemplate":"https:\/\/montecanelas.net\/?s={search_term_string}"},"query-input":{"@type":"PropertyValueSpecification","valueRequired":true,"valueName":"search_term_string"}}],"inLanguage":"en-US"}]}},"_links":{"self":[{"href":"https:\/\/montecanelas.net\/index.php\/wp-json\/wp\/v2\/pages\/434","targetHints":{"allow":["GET"]}}],"collection":[{"href":"https:\/\/montecanelas.net\/index.php\/wp-json\/wp\/v2\/pages"}],"about":[{"href":"https:\/\/montecanelas.net\/index.php\/wp-json\/wp\/v2\/types\/page"}],"author":[{"embeddable":true,"href":"https:\/\/montecanelas.net\/index.php\/wp-json\/wp\/v2\/users\/1"}],"replies":[{"embeddable":true,"href":"https:\/\/montecanelas.net\/index.php\/wp-json\/wp\/v2\/comments?post=434"}],"version-history":[{"count":13,"href":"https:\/\/montecanelas.net\/index.php\/wp-json\/wp\/v2\/pages\/434\/revisions"}],"predecessor-version":[{"id":1008,"href":"https:\/\/montecanelas.net\/index.php\/wp-json\/wp\/v2\/pages\/434\/revisions\/1008"}],"wp:attachment":[{"href":"https:\/\/montecanelas.net\/index.php\/wp-json\/wp\/v2\/media?parent=434"}],"curies":[{"name":"wp","href":"https:\/\/api.w.org\/{rel}","templated":true}]}}